{"id":1988,"date":"2015-12-06T22:06:45","date_gmt":"2015-12-06T22:06:45","guid":{"rendered":"https:\/\/www.fisheaglelodge.com\/de\/lodge\/"},"modified":"2018-07-26T10:49:53","modified_gmt":"2018-07-26T08:49:53","slug":"lodge","status":"publish","type":"page","link":"https:\/\/www.fisheaglelodge.com\/de\/lodge\/","title":{"rendered":"Lodge"},"content":{"rendered":"<p>\n\n<div id=\"div-69f8ddbf8c76c\" class=\"fw-main-row section-spacing   auto \"  style=\"  \"  >\n    <div class=\"fw-container\">\n        <div class=\"fw-row\">\n\t\n\n<div id=\"column-69f8ddbf8c989\" class=\" fw-col-md-6       wow fadeIn\" data-wow-offset=\"100\" data-wow-duration=\"1.5s\" style=\"  \">\n        <div class=\"fw-main-row\">\n        <div class=\"fw-col-inner\" >\n            <p>Liebe\u00a0G\u00e4ste,<\/p><p>herzlich Willkommen in der Fish Eagle Lodge Knysna. Mit ihrer ruhigen und doch zentralen Lage, in der Mitte der Garden Route von S\u00fcdafrika, ist sie die Ideale Wahl f\u00fcr Ihren Urlaub. Die Unterk\u00fcnfte liegen verteilt auf 2 Geb\u00e4ude, in einem mehr als 10.000qm gro\u00dfem, sehr gepflegten afrikanischen Garten.<\/p><p>Der erste Eindruck von Knysna ist die traumhafte Lagune, eingebettet in das Gr\u00fcn der W\u00e4lder und die Berge. Diesen Blick auf die Lagune k\u00f6nnen Sie auch von Ihrem Balkon oder der Terrasse, vom Pool und im Garten auf dem H\u00fcgel der Fish Eagle Lodge genie\u00dfen.<\/p>        <\/div>\n    <\/div>\n\n\n<\/div>\n\n<div id=\"column-69f8ddbf8cb03\" class=\" fw-col-md-6       wow fadeIn\" data-wow-offset=\"100\" data-wow-duration=\"1.5s\" style=\"  \">\n        <div class=\"fw-main-row\">\n        <div class=\"fw-col-inner\" >\n            <p>&nbsp;<\/p><p>Wollen sie Golf, auf den herrlichen Golfpl\u00e4tzen der Umgebung, spielen? Planen Sie Wanderungen oder Fahrrad Touren in den W\u00e4ldern?\u00a0Sind sie auf der Durchreise zu den vielen Sehensw\u00fcrdigkeiten der Garden Route?<\/p><p>Die \u00dcbernachtung in der Fish Eagle Lodge ist daf\u00fcr der perfekte Ausgangspunkt.\u00a0Wir bieten nicht nur B&amp;B. Super Service, Gastfreundlichkeit, eine gepflegte Unterkunft und ein erstklassiges Fr\u00fchst\u00fcck, sind selbstverst\u00e4ndlich.<\/p><p>Was Sie bei uns erwartet \"ist kein Traum\".<br \/>Jana &amp; Steffen<\/p>        <\/div>\n    <\/div>\n\n\n<\/div><\/div>\n\n<div class=\"fw-row\">\n\t\n\n<div id=\"column-69f8ddbf8cca6\" class=\" fw-col-md-12       wow fadeIn\" data-wow-offset=\"100\" data-wow-duration=\"1.5s\" style=\"  \">\n        <div class=\"fw-main-row\">\n        <div class=\"fw-col-inner\" >\n            <div class=\"clearfix space-sm\" style=\"\" ><\/div>        <\/div>\n    <\/div>\n\n\n<\/div><\/div>\n\n<div class=\"fw-row\">\n\t\n\n<div id=\"column-69f8ddbf8ce9d\" class=\" fw-col-sm-12    text-center   wow fadeIn\" data-wow-offset=\"100\" data-wow-duration=\"1.5s\" style=\"  \">\n        <div class=\"fw-main-row\">\n        <div class=\"fw-col-inner\" >\n            \n\n\n\t<a href=\"\/de\/raume\" target=\"_self\"  class=\"btn btn-default btn-lg\" title=\"Alle R\u00e4ume\">\n\t\t Alle R\u00e4ume\t<\/a>\n\t\t<a href=\"https:\/\/www.nightsbridge.co.za\/bridge\/book?bbid=25601\" target=\"_blank\"  class=\"btn btn-primary btn-lg\" title=\"Buchen\">\n\t\t Buchen\t<\/a>\n\t        <\/div>\n    <\/div>\n\n\n<\/div><\/div>\n\n    <\/div>\n    <\/div>\n\n\n\n<div id=\"div-69f8ddbf8d026\" class=\"fw-main-row section-spacing   auto \"  style=\"background-color:#f1f1f1;  \"  >\n    <div class=\"fw-container\">\n        <div class=\"fw-row\">\n\t\n\n<div id=\"column-69f8ddbf8d133\" class=\" fw-col-md-3       wow fadeIn\" data-wow-offset=\"100\" data-wow-duration=\"1.5s\" style=\"  \">\n        <div class=\"fw-main-row\">\n        <div class=\"fw-col-inner\" >\n            <div class=\"fw-main-row\"><div class=\"fw-col-inner\"><div class=\"iconbox clearfix\"><h3 class=\"iconbox-icon\" style=\"text-align: center;\"><\/h3><h3 class=\"iconbox-icon\" style=\"text-align: center;\"><img loading=\"lazy\" decoding=\"async\" class=\"alignnone wp-image-2821 size-full\" src=\"https:\/\/www.fisheaglelodge.com\/wp-content\/uploads\/2015\/12\/parken-1.jpg\" width=\"155\" height=\"155\" srcset=\"https:\/\/www.fisheaglelodge.com\/wp-content\/uploads\/2015\/12\/parken-1.jpg 155w, https:\/\/www.fisheaglelodge.com\/wp-content\/uploads\/2015\/12\/parken-1-150x150.jpg 150w\" sizes=\"(max-width: 155px) 100vw, 155px\" \/><\/h3><h3 style=\"text-align: center;\">Parken<\/h3><p>Ausreichend Parkpl\u00e4tze direkt in der Lodge sorgen f\u00fcr Sicherheit und kurze Wege.<\/p><\/div><\/div><\/div>        <\/div>\n    <\/div>\n\n\n<\/div>\n\n<div id=\"column-69f8ddbf8d261\" class=\" fw-col-md-3       wow fadeIn\" data-wow-offset=\"100\" data-wow-duration=\"1.5s\" style=\"  \">\n        <div class=\"fw-main-row\">\n        <div class=\"fw-col-inner\" >\n            <div class=\"fw-main-row\"><div class=\"fw-col-inner\"><div class=\"iconbox clearfix\"><h3 class=\"iconbox-icon\" style=\"text-align: center;\"><img loading=\"lazy\" decoding=\"async\" class=\"alignnone wp-image-2825 size-full\" src=\"https:\/\/www.fisheaglelodge.com\/wp-content\/uploads\/2015\/12\/getr\u00e4nke-1.jpg\" width=\"155\" height=\"155\" srcset=\"https:\/\/www.fisheaglelodge.com\/wp-content\/uploads\/2015\/12\/getr\u00e4nke-1.jpg 155w, https:\/\/www.fisheaglelodge.com\/wp-content\/uploads\/2015\/12\/getr\u00e4nke-1-150x150.jpg 150w\" sizes=\"(max-width: 155px) 100vw, 155px\" \/><\/h3><h3 style=\"text-align: center;\" align=\"center\">Getr\u00e4nke Service<\/h3><p>In der Fr\u00fchst\u00fcckslounge \/ Barbereich steht ein gro\u00dfes Getr\u00e4nkeangebot f\u00fcr Sie zur Auswahl. Sie k\u00f6nnen diese im Zimmer, auf dem Balkon oder der Terrasse aber auch direkt in der Bar genie\u00dfen.<\/p><\/div><\/div><\/div>        <\/div>\n    <\/div>\n\n\n<\/div>\n\n<div id=\"column-69f8ddbf8d36a\" class=\" fw-col-md-3       wow fadeIn\" data-wow-offset=\"100\" data-wow-duration=\"1.5s\" style=\"  \">\n        <div class=\"fw-main-row\">\n        <div class=\"fw-col-inner\" >\n            <div class=\"fw-main-row\"><div class=\"fw-col-inner\"><div class=\"iconbox clearfix\"><h3 class=\"iconbox-icon\" style=\"text-align: center;\"><\/h3><h3 class=\"iconbox-icon\" style=\"text-align: center;\"><a href=\"https:\/\/www.fisheaglelodge.com\/wp-content\/uploads\/2015\/12\/Pool-1.jpg\"><img loading=\"lazy\" decoding=\"async\" class=\"alignnone wp-image-2819 size-full\" src=\"https:\/\/www.fisheaglelodge.com\/wp-content\/uploads\/2015\/12\/Pool-1.jpg\" width=\"155\" height=\"155\" srcset=\"https:\/\/www.fisheaglelodge.com\/wp-content\/uploads\/2015\/12\/Pool-1.jpg 155w, https:\/\/www.fisheaglelodge.com\/wp-content\/uploads\/2015\/12\/Pool-1-150x150.jpg 150w\" sizes=\"(max-width: 155px) 100vw, 155px\" \/><\/a><\/h3><h3 class=\"iconbox-icon\" style=\"text-align: center;\">Pool mit Lagunenblick<\/h3><p>Unser Pool mit Lagunenblick und Liegewiese l\u00e4dt zum Relaxen ein. Badet\u00fccher f\u00fcr den Pool finden Sie in allen R\u00e4umen.<\/p><\/div><\/div><\/div>        <\/div>\n    <\/div>\n\n\n<\/div>\n\n<div id=\"column-69f8ddbf8d443\" class=\" fw-col-md-3       wow fadeIn\" data-wow-offset=\"100\" data-wow-duration=\"1.5s\" style=\"  \">\n        <div class=\"fw-main-row\">\n        <div class=\"fw-col-inner\" >\n            <div class=\"fw-main-row\"><div class=\"fw-col-inner\"><div class=\"iconbox clearfix\"><h3 class=\"iconbox-icon\" style=\"text-align: center;\"><\/h3><h3 class=\"iconbox-icon\" style=\"text-align: center;\"><a href=\"https:\/\/www.fisheaglelodge.com\/wp-content\/uploads\/2015\/12\/Himmelbett-1.jpg\"><img loading=\"lazy\" decoding=\"async\" class=\"alignnone wp-image-2831 size-full\" src=\"https:\/\/www.fisheaglelodge.com\/wp-content\/uploads\/2015\/12\/Himmelbett-1.jpg\" width=\"155\" height=\"155\" srcset=\"https:\/\/www.fisheaglelodge.com\/wp-content\/uploads\/2015\/12\/Himmelbett-1.jpg 155w, https:\/\/www.fisheaglelodge.com\/wp-content\/uploads\/2015\/12\/Himmelbett-1-150x150.jpg 150w\" sizes=\"(max-width: 155px) 100vw, 155px\" \/><\/a><\/h3><h3 class=\"iconbox-icon\" style=\"text-align: center;\">Raumkomfort pur<\/h3><p style=\"text-align: left;\">Sie erwarten gro\u00dfe helle R\u00e4ume mit guter Ausstattung, XXL Betten mit getrennten Zudecken und 100% Leinen Bettw\u00e4sche sowie gut ausgestattete Sanit\u00e4ranlagen.<\/p><\/div><\/div><\/div>        <\/div>\n    <\/div>\n\n\n<\/div><\/div>\n\n<div class=\"fw-row\">\n\t\n\n<div id=\"column-69f8ddbf8d5a5\" class=\" fw-col-md-12       wow fadeIn\" data-wow-offset=\"100\" data-wow-duration=\"1.5s\" style=\"  \">\n        <div class=\"fw-main-row\">\n        <div class=\"fw-col-inner\" >\n            <div class=\"clearfix space-sm\" style=\"\" ><\/div>        <\/div>\n    <\/div>\n\n\n<\/div><\/div>\n\n<div class=\"fw-row\">\n\t\n\n<div id=\"column-69f8ddbf8d6e9\" class=\" fw-col-sm-12    text-center   wow fadeIn\" data-wow-offset=\"100\" data-wow-duration=\"1.5s\" style=\"  \">\n        <div class=\"fw-main-row\">\n        <div class=\"fw-col-inner\" >\n            \n\n\n\t<a href=\"https:\/\/www.nightsbridge.co.za\/bridge\/book?bbid=25601\" target=\"_blank\"  class=\"btn btn-primary btn-lg\" title=\"Buchen\">\n\t\t Buchen\t<\/a>\n\t        <\/div>\n    <\/div>\n\n\n<\/div><\/div>\n\n    <\/div>\n    <\/div>\n\n\n\n<div id=\"div-69f8ddbf8d7e4\" class=\"fw-main-row section-spacing   auto \"  style=\"  \"  >\n    <div class=\"fw-container\">\n        <div class=\"fw-row\">\n\t\n\n<div id=\"column-69f8ddbf8d9a2\" class=\" fw-col-md-6       wow fadeIn\" data-wow-offset=\"100\" data-wow-duration=\"1.5s\" style=\"  \">\n        <div class=\"fw-main-row\">\n        <div class=\"fw-col-inner\" >\n            <div class=\"simple-title\">\n<h2 class=\"fw-title wow fadeInTop animated text-left\" data-wow-duration=\"1.5s\" style=\"\">Eine Lodge mit Tradition<\/h2>\n<span class=\"sub\">Unsere Geschichte<\/span>\n<\/div><p><strong>Klaus&amp;Renate Geisler<\/strong> wanderten mit zwei T\u00f6chtern (6+7 Jahre alt), am 15 Oktober 1975 nach Johannesburg \/S\u00fcd Afrika aus.\u00a0\u00a0\u00a0\u00a0\u00a0\u00a0\u00a0\u00a0\u00a0\u00a0\u00a0\u00a0\u00a0\u00a0\u00a0\u00a0\u00a0\u00a0\u00a0\u00a0\u00a0\u00a0\u00a0\u00a0\u00a0\u00a0\u00a0\u00a0\u00a0\u00a0\u00a0\u00a0\u00a0\u00a0\u00a0\u00a0\u00a0\u00a0\u00a0\u00a0\u00a0\u00a0 1993 zogen sie\u00a0 nach <strong>Knysna <\/strong><strong>\/ <\/strong>Western Cape, um noch einmal einen neuen Anfang zu wagen.\u00a0 Sie fanden ein Grundst\u00fcck (Rest einer Farm) in einer traumhaften Lage mit Blick \u00fcber die Knysna Lagune und die umliegenden Berge, hier begannen sie eine G\u00e4ste-Lodge zu errichten. Ein bestehendes Geb\u00e4ude wurde umgebaut und erweitert und ein Neues gebaut. Sie haben die Anlage <strong>\u2018\u2019Fish Eagle Lodge\u2019\u2019<\/strong> getauft. (African Fish Eagle nisten in der N\u00e4he am Knysna River). Am 15. Dezember 1993 war Er\u00f6ffnung, ein Traum wurde wahr und ist erfolgreich bis zum heutigen Tag. Die neuen Eigent\u00fcmer, Jana und Steffen, werden nun diese Tradition, mit der gleichen Liebe, fortsetzen.<\/p><p>&nbsp;<\/p>        <\/div>\n    <\/div>\n\n\n<\/div>\n\n<div id=\"column-69f8ddbf8db37\" class=\" fw-col-md-6       wow fadeIn\" data-wow-offset=\"100\" data-wow-duration=\"1.5s\" style=\"  \">\n        <div class=\"fw-main-row\">\n        <div class=\"fw-col-inner\" >\n            <div id=\"more-images-more-images-69f8ddbf8dc14\" class=\"more-images more-images-4\">\n\n    <!-- Wrapper for slides -->\n    <div class=\"more-images-inner\">\n\n        <!--Item 1 start-->\n                    <div class=\"item active\">\n            \t\t                <img loading=\"lazy\" decoding=\"async\" width=\"300\" height=\"212\" src=\"https:\/\/www.fisheaglelodge.com\/wp-content\/uploads\/2015\/12\/1995-300x212.jpg\" class=\"attachment-medium size-medium\" alt=\"\" srcset=\"https:\/\/www.fisheaglelodge.com\/wp-content\/uploads\/2015\/12\/1995-300x212.jpg 300w, https:\/\/www.fisheaglelodge.com\/wp-content\/uploads\/2015\/12\/1995.jpg 644w\" sizes=\"(max-width: 300px) 100vw, 300px\" \/>                          <\/div>\n                                <div class=\"item  \">\n            \t\t                <img loading=\"lazy\" decoding=\"async\" width=\"300\" height=\"211\" src=\"https:\/\/www.fisheaglelodge.com\/wp-content\/uploads\/2015\/12\/1996-300x211.jpg\" class=\"attachment-medium size-medium\" alt=\"\" srcset=\"https:\/\/www.fisheaglelodge.com\/wp-content\/uploads\/2015\/12\/1996-300x211.jpg 300w, https:\/\/www.fisheaglelodge.com\/wp-content\/uploads\/2015\/12\/1996.jpg 644w\" sizes=\"(max-width: 300px) 100vw, 300px\" \/>                          <\/div>\n                                <div class=\"item  \">\n            \t\t                <img loading=\"lazy\" decoding=\"async\" width=\"300\" height=\"177\" src=\"https:\/\/www.fisheaglelodge.com\/wp-content\/uploads\/2015\/12\/1996-2-300x177.jpg\" class=\"attachment-medium size-medium\" alt=\"\" srcset=\"https:\/\/www.fisheaglelodge.com\/wp-content\/uploads\/2015\/12\/1996-2-300x177.jpg 300w, https:\/\/www.fisheaglelodge.com\/wp-content\/uploads\/2015\/12\/1996-2.jpg 644w\" sizes=\"(max-width: 300px) 100vw, 300px\" \/>                          <\/div>\n                                <div class=\"item  \">\n            \t\t                <img loading=\"lazy\" decoding=\"async\" width=\"300\" height=\"163\" src=\"https:\/\/www.fisheaglelodge.com\/wp-content\/uploads\/2015\/12\/Ausschnitt-GB-Kopie-300x163.jpg\" class=\"attachment-medium size-medium\" alt=\"\" srcset=\"https:\/\/www.fisheaglelodge.com\/wp-content\/uploads\/2015\/12\/Ausschnitt-GB-Kopie-300x163.jpg 300w, https:\/\/www.fisheaglelodge.com\/wp-content\/uploads\/2015\/12\/Ausschnitt-GB-Kopie.jpg 460w\" sizes=\"(max-width: 300px) 100vw, 300px\" \/>                          <\/div>\n                        <\/div>\n<\/div>\n        <\/div>\n    <\/div>\n\n\n<\/div><\/div>\n\n    <\/div>\n    <\/div>\n\n\n\n<div id=\"div-69f8ddbf8e692\" class=\"fw-main-row section-spacing   auto \"  style=\"  \"  >\n    <div class=\"fw-container\">\n        <div class=\"fw-row\">\n\t\n\n<div id=\"column-69f8ddbf8e78e\" class=\" fw-col-sm-6    fw-col-md-push-6   wow fadeIn\" data-wow-offset=\"100\" data-wow-duration=\"1.5s\" style=\"  \">\n        <div class=\"fw-main-row\">\n        <div class=\"fw-col-inner\" >\n            <div class=\"simple-title\">\n<h2 class=\"fw-title wow fadeInTop animated text-left\" data-wow-duration=\"1.5s\" style=\"\">Ihr Fish Eagle Lodge Team<\/h2>\n<span class=\"sub\">&quot;Wir sorgen f\u00fcr unvergessliche Tage&quot;<\/span>\n<\/div><p>Elisabeth, Harriet, Sanderson, Jana, Steffen<\/p><p>Unsere Mitarbeiter sind schon viele Jahre bei uns besch\u00e4ftigt, bei einigen schon in der 2.Generation, und 100% vertrauensw\u00fcrdig.<\/p><p style=\"box-sizing: border-box; margin: 0px 0px 25px; color: #585858; font-family: 'Open Sans', sans-serif; font-size: 14px; line-height: 25px;\">        <\/div>\n    <\/div>\n\n\n<\/div>\n\n<div id=\"column-69f8ddbf8e8cc\" class=\" fw-col-sm-6    fw-col-md-pull-6   wow fadeIn\" data-wow-offset=\"100\" data-wow-duration=\"1.5s\" style=\"  \">\n        <div class=\"fw-main-row\">\n        <div class=\"fw-col-inner\" >\n            <div id=\"more-images-more-images-69f8ddbf8e936\" class=\"more-images more-images-4\">\n\n    <!-- Wrapper for slides -->\n    <div class=\"more-images-inner\">\n\n        <!--Item 1 start-->\n                    <div class=\"item active\">\n            \t\t                <img loading=\"lazy\" decoding=\"async\" width=\"300\" height=\"225\" src=\"https:\/\/www.fisheaglelodge.com\/wp-content\/uploads\/2015\/12\/IMG_a-300x225.jpg\" class=\"attachment-medium size-medium\" alt=\"\" srcset=\"https:\/\/www.fisheaglelodge.com\/wp-content\/uploads\/2015\/12\/IMG_a-300x225.jpg 300w, https:\/\/www.fisheaglelodge.com\/wp-content\/uploads\/2015\/12\/IMG_a.jpg 640w\" sizes=\"(max-width: 300px) 100vw, 300px\" \/>                          <\/div>\n                                <div class=\"item  \">\n            \t\t                <img loading=\"lazy\" decoding=\"async\" width=\"300\" height=\"169\" src=\"https:\/\/www.fisheaglelodge.com\/wp-content\/uploads\/2015\/12\/IMG_7188-300x169.jpg\" class=\"attachment-medium size-medium\" alt=\"\" srcset=\"https:\/\/www.fisheaglelodge.com\/wp-content\/uploads\/2015\/12\/IMG_7188-300x169.jpg 300w, https:\/\/www.fisheaglelodge.com\/wp-content\/uploads\/2015\/12\/IMG_7188-768x432.jpg 768w, https:\/\/www.fisheaglelodge.com\/wp-content\/uploads\/2015\/12\/IMG_7188.jpg 1024w\" sizes=\"(max-width: 300px) 100vw, 300px\" \/>                          <\/div>\n                        <\/div>\n<\/div>\n        <\/div>\n    <\/div>\n\n\n<\/div><\/div>\n\n    <\/div>\n    <\/div>\n\n\n\n<div id=\"div-69f8ddbf8ee20\" class=\"fw-main-row section-spacing   auto \"  style=\"  \"  >\n    <div class=\"fw-container\">\n        <div class=\"fw-row\">\n\t\n\n<div id=\"column-69f8ddbf8ef16\" class=\" fw-col-md-6       wow fadeIn\" data-wow-offset=\"100\" data-wow-duration=\"1.5s\" style=\"  \">\n        <div class=\"fw-main-row\">\n        <div class=\"fw-col-inner\" >\n            <div class=\"simple-title\">\n<h2 class=\"fw-title wow fadeInTop animated text-left\" data-wow-duration=\"1.5s\" style=\"\">Knysna <\/h2>\n<span class=\"sub\">das puslierende Herz der Garten Route<\/span>\n<\/div><ul><li>Waterfront zum shoppen &amp; relaxen<\/li><li>Knysna Heads, dass Tor der Lagune<\/li><li>Golfpl\u00e4tze der Extraklasse<\/li><li>Restaurants f\u00fcr jeden Geschmack etwas<\/li><li>Str\u00e4nde, Berge, W\u00e4lder<\/li><li>Oyster Festival, Knysna Marathon, Oldtimertreffen u.v.m.<\/li><\/ul><p style=\"box-sizing: border-box; margin: 0px 0px 25px; color: #585858; font-family: 'Open Sans', sans-serif; font-size: 14px; line-height: 25px;\">        <\/div>\n    <\/div>\n\n\n<\/div>\n\n<div id=\"column-69f8ddbf8f036\" class=\" fw-col-md-6       wow fadeIn\" data-wow-offset=\"100\" data-wow-duration=\"1.5s\" style=\"  \">\n        <div class=\"fw-main-row\">\n        <div class=\"fw-col-inner\" >\n            <div id=\"more-images-more-images-69f8ddbf8f0b4\" class=\"more-images more-images-4\">\n\n    <!-- Wrapper for slides -->\n    <div class=\"more-images-inner\">\n\n        <!--Item 1 start-->\n                    <div class=\"item active\">\n            \t\t                <img loading=\"lazy\" decoding=\"async\" width=\"300\" height=\"158\" src=\"https:\/\/www.fisheaglelodge.com\/wp-content\/uploads\/2015\/12\/Oyster-Fest-300x158.jpg\" class=\"attachment-medium size-medium\" alt=\"ttttt\" srcset=\"https:\/\/www.fisheaglelodge.com\/wp-content\/uploads\/2015\/12\/Oyster-Fest-300x158.jpg 300w, https:\/\/www.fisheaglelodge.com\/wp-content\/uploads\/2015\/12\/Oyster-Fest.jpg 309w\" sizes=\"(max-width: 300px) 100vw, 300px\" \/>                          <\/div>\n                                <div class=\"item  \">\n            \t\t                <img loading=\"lazy\" decoding=\"async\" width=\"300\" height=\"225\" src=\"https:\/\/www.fisheaglelodge.com\/wp-content\/uploads\/2015\/12\/IMG_3482-300x225.jpg\" class=\"attachment-medium size-medium\" alt=\"Knysna Oyster festival accommodation\" srcset=\"https:\/\/www.fisheaglelodge.com\/wp-content\/uploads\/2015\/12\/IMG_3482-300x225.jpg 300w, https:\/\/www.fisheaglelodge.com\/wp-content\/uploads\/2015\/12\/IMG_3482-768x576.jpg 768w, https:\/\/www.fisheaglelodge.com\/wp-content\/uploads\/2015\/12\/IMG_3482-1024x768.jpg 1024w\" sizes=\"(max-width: 300px) 100vw, 300px\" \/>                          <\/div>\n                                <div class=\"item  \">\n            \t\t                <img loading=\"lazy\" decoding=\"async\" width=\"300\" height=\"225\" src=\"https:\/\/www.fisheaglelodge.com\/wp-content\/uploads\/2015\/12\/P1190431-300x225.jpg\" class=\"attachment-medium size-medium\" alt=\"\" srcset=\"https:\/\/www.fisheaglelodge.com\/wp-content\/uploads\/2015\/12\/P1190431-300x225.jpg 300w, https:\/\/www.fisheaglelodge.com\/wp-content\/uploads\/2015\/12\/P1190431-768x576.jpg 768w, https:\/\/www.fisheaglelodge.com\/wp-content\/uploads\/2015\/12\/P1190431-1024x768.jpg 1024w\" sizes=\"(max-width: 300px) 100vw, 300px\" \/>                          <\/div>\n                                <div class=\"item  \">\n            \t\t                <img loading=\"lazy\" decoding=\"async\" width=\"300\" height=\"225\" src=\"https:\/\/www.fisheaglelodge.com\/wp-content\/uploads\/2015\/12\/P1180852-300x225.jpg\" class=\"attachment-medium size-medium\" alt=\"\" srcset=\"https:\/\/www.fisheaglelodge.com\/wp-content\/uploads\/2015\/12\/P1180852-300x225.jpg 300w, https:\/\/www.fisheaglelodge.com\/wp-content\/uploads\/2015\/12\/P1180852-768x576.jpg 768w, https:\/\/www.fisheaglelodge.com\/wp-content\/uploads\/2015\/12\/P1180852-1024x768.jpg 1024w\" sizes=\"(max-width: 300px) 100vw, 300px\" \/>                          <\/div>\n                        <\/div>\n<\/div>\n        <\/div>\n    <\/div>\n\n\n<\/div><\/div>\n\n    <\/div>\n    <\/div>\n\n\n\n<div id=\"div-69f8ddbf8fb3e\" class=\"fw-main-row section-spacing   auto \"  style=\"  \"  >\n    <div class=\"fw-container\">\n        <div class=\"fw-row\">\n\t\n\n<div id=\"column-69f8ddbf8fc4a\" class=\" fw-col-sm-6    fw-col-md-push-6   wow fadeIn\" data-wow-offset=\"100\" data-wow-duration=\"1.5s\" style=\"  \">\n        <div class=\"fw-main-row\">\n        <div class=\"fw-col-inner\" >\n            <div class=\"simple-title\">\n<h2 class=\"fw-title wow fadeInTop animated text-left\" data-wow-duration=\"1.5s\" style=\"\">von Natur umgeben<\/h2>\n<span class=\"sub\">nicht der Garten Eden.....aber fast<\/span>\n<\/div><p>Vor mehr als 20 Jahren angelegt und \u00fcber all die Zeit mit viel Liebe gepflegt, ist der Garten heute ein Beispiel f\u00fcr eine afrikanische Gartenlandschaft. 10.000qm Wiese, Palmen und bl\u00fchende Pflanzen, dazu kommen unz\u00e4hlige verschiedene V\u00f6gel. Egal welches Wetter oder welche Tageszeit gerade ist, es gibt immer etwas zu entdecken.<\/p><p style=\"box-sizing: border-box; margin: 0px; color: #585858; font-family: 'Open Sans', sans-serif; font-size: 14px; line-height: 25px;\">        <\/div>\n    <\/div>\n\n\n<\/div>\n\n<div id=\"column-69f8ddbf8fd84\" class=\" fw-col-sm-6    fw-col-md-pull-6   wow fadeIn\" data-wow-offset=\"100\" data-wow-duration=\"1.5s\" style=\"  \">\n        <div class=\"fw-main-row\">\n        <div class=\"fw-col-inner\" >\n            <div id=\"more-images-more-images-69f8ddbf8fdf7\" class=\"more-images more-images-4\">\n\n    <!-- Wrapper for slides -->\n    <div class=\"more-images-inner\">\n\n        <!--Item 1 start-->\n                    <div class=\"item active\">\n            \t\t                <img loading=\"lazy\" decoding=\"async\" width=\"300\" height=\"200\" src=\"https:\/\/www.fisheaglelodge.com\/wp-content\/uploads\/2015\/12\/IMGP9618s-300x200.jpg\" class=\"attachment-medium size-medium\" alt=\"\" srcset=\"https:\/\/www.fisheaglelodge.com\/wp-content\/uploads\/2015\/12\/IMGP9618s-300x200.jpg 300w, https:\/\/www.fisheaglelodge.com\/wp-content\/uploads\/2015\/12\/IMGP9618s-768x511.jpg 768w, https:\/\/www.fisheaglelodge.com\/wp-content\/uploads\/2015\/12\/IMGP9618s.jpg 800w\" sizes=\"(max-width: 300px) 100vw, 300px\" \/>                          <\/div>\n                                <div class=\"item  \">\n            \t\t                <img loading=\"lazy\" decoding=\"async\" width=\"300\" height=\"200\" src=\"https:\/\/www.fisheaglelodge.com\/wp-content\/uploads\/2015\/12\/IMGP4634-300x200.jpg\" class=\"attachment-medium size-medium\" alt=\"\" srcset=\"https:\/\/www.fisheaglelodge.com\/wp-content\/uploads\/2015\/12\/IMGP4634-300x200.jpg 300w, https:\/\/www.fisheaglelodge.com\/wp-content\/uploads\/2015\/12\/IMGP4634-768x511.jpg 768w, https:\/\/www.fisheaglelodge.com\/wp-content\/uploads\/2015\/12\/IMGP4634.jpg 800w\" sizes=\"(max-width: 300px) 100vw, 300px\" \/>                          <\/div>\n                                <div class=\"item  \">\n            \t\t                <img loading=\"lazy\" decoding=\"async\" width=\"300\" height=\"225\" src=\"https:\/\/www.fisheaglelodge.com\/wp-content\/uploads\/2015\/12\/DSCF1447-300x225.jpg\" class=\"attachment-medium size-medium\" alt=\"\" srcset=\"https:\/\/www.fisheaglelodge.com\/wp-content\/uploads\/2015\/12\/DSCF1447-300x225.jpg 300w, https:\/\/www.fisheaglelodge.com\/wp-content\/uploads\/2015\/12\/DSCF1447-768x576.jpg 768w, https:\/\/www.fisheaglelodge.com\/wp-content\/uploads\/2015\/12\/DSCF1447.jpg 800w\" sizes=\"(max-width: 300px) 100vw, 300px\" \/>                          <\/div>\n                                <div class=\"item  \">\n            \t\t                <img loading=\"lazy\" decoding=\"async\" width=\"300\" height=\"225\" src=\"https:\/\/www.fisheaglelodge.com\/wp-content\/uploads\/2015\/12\/P1180644-300x225.jpg\" class=\"attachment-medium size-medium\" alt=\"\" srcset=\"https:\/\/www.fisheaglelodge.com\/wp-content\/uploads\/2015\/12\/P1180644-300x225.jpg 300w, https:\/\/www.fisheaglelodge.com\/wp-content\/uploads\/2015\/12\/P1180644-768x576.jpg 768w, https:\/\/www.fisheaglelodge.com\/wp-content\/uploads\/2015\/12\/P1180644-1024x768.jpg 1024w\" sizes=\"(max-width: 300px) 100vw, 300px\" \/>                          <\/div>\n                        <\/div>\n<\/div>\n        <\/div>\n    <\/div>\n\n\n<\/div><\/div>\n\n    <\/div>\n    <\/div>\n\n\n\n<div id=\"div-69f8ddbf95ef1\" class=\"fw-main-row min-spacing   auto text-center\"  style=\"  \"  >\n    <div class=\"fw-container\">\n        <div class=\"fw-row\">\n\t\n\n<div id=\"column-69f8ddbf96124\" class=\" fw-col-md-12       wow fadeIn\" data-wow-offset=\"100\" data-wow-duration=\"1.5s\" style=\"  \">\n        <div class=\"fw-main-row\">\n        <div class=\"fw-col-inner\" >\n            \n\n\n\t<a href=\"https:\/\/www.nightsbridge.co.za\/bridge\/book?bbid=25601\" target=\"_blank\"  class=\"btn btn-primary btn-lg\" title=\"Buchen\">\n\t\t Buchen\t<\/a>\n\t        <\/div>\n    <\/div>\n\n\n<\/div><\/div>\n\n    <\/div>\n    <\/div>\n\n<\/p>\n","protected":false},"excerpt":{"rendered":"<p>Liebe\u00a0G\u00e4ste,herzlich Willkommen in der Fish Eagle Lodge Knysna. Mit ihrer ruhigen und doch zentralen Lage, in der Mitte der Garden Route von S\u00fcdafrika, ist sie die Ideale Wahl f\u00fcr Ihren Urlaub. Die Unterk\u00fcnfte liegen verteilt auf 2 Geb\u00e4ude, in einem mehr als 10.000qm gro\u00dfem, sehr gepflegten afrikanischen Garten.Der erste Eindruck<a class=\"more-link\" href=\"https:\/\/www.fisheaglelodge.com\/de\/lodge\/\">Continue Reading&#8230;<\/a><\/p>\n","protected":false},"author":1,"featured_media":4352,"parent":0,"menu_order":0,"comment_status":"closed","ping_status":"closed","template":"template-fullwidth.php","meta":{"footnotes":""},"_links":{"self":[{"href":"https:\/\/www.fisheaglelodge.com\/de\/wp-json\/wp\/v2\/pages\/1988"}],"collection":[{"href":"https:\/\/www.fisheaglelodge.com\/de\/wp-json\/wp\/v2\/pages"}],"about":[{"href":"https:\/\/www.fisheaglelodge.com\/de\/wp-json\/wp\/v2\/types\/page"}],"author":[{"embeddable":true,"href":"https:\/\/www.fisheaglelodge.com\/de\/wp-json\/wp\/v2\/users\/1"}],"replies":[{"embeddable":true,"href":"https:\/\/www.fisheaglelodge.com\/de\/wp-json\/wp\/v2\/comments?post=1988"}],"version-history":[{"count":52,"href":"https:\/\/www.fisheaglelodge.com\/de\/wp-json\/wp\/v2\/pages\/1988\/revisions"}],"predecessor-version":[{"id":5512,"href":"https:\/\/www.fisheaglelodge.com\/de\/wp-json\/wp\/v2\/pages\/1988\/revisions\/5512"}],"wp:featuredmedia":[{"embeddable":true,"href":"https:\/\/www.fisheaglelodge.com\/de\/wp-json\/wp\/v2\/media\/4352"}],"wp:attachment":[{"href":"https:\/\/www.fisheaglelodge.com\/de\/wp-json\/wp\/v2\/media?parent=1988"}],"curies":[{"name":"wp","href":"https:\/\/api.w.org\/{rel}","templated":true}]}}