{"id":2008,"date":"2015-12-06T23:04:48","date_gmt":"2015-12-06T23:04:48","guid":{"rendered":"https:\/\/www.fisheaglelodge.com\/de\/kontakt\/"},"modified":"2017-02-02T21:52:08","modified_gmt":"2017-02-02T19:52:08","slug":"kontakt","status":"publish","type":"page","link":"https:\/\/www.fisheaglelodge.com\/de\/kontakt\/","title":{"rendered":"Kontakt"},"content":{"rendered":"<p>\n\n<div id=\"div-69f8dda0e9cd4\" class=\"fw-main-row no-spacing   auto \"  style=\"  \"  >\n    <div class=\"fw-container\">\n        <div class=\"fw-row\">\n\t\n\n<div id=\"column-69f8dda0e9f40\" class=\" fw-col-md-12       wow fadeIn\" data-wow-offset=\"100\" data-wow-duration=\"1.5s\" style=\"  \">\n        <div class=\"fw-main-row\">\n        <div class=\"fw-col-inner\" >\n            <div class=\"fw-single-image   _none\" >\n\t\t\t<a href=\"https:\/\/goo.gl\/maps\/Ue6pfwxpxJq\" target=\"_self\">\n\n\t\t\t\t\t\t<img decoding=\"async\" src=\"https:\/\/www.fisheaglelodge.com\/wp-content\/uploads\/2015\/12\/karte2-2-1024x451.jpg\" alt=\"\" class=\"img-responsive\" \/>\n\t\t<\/a>\n\t<\/div>\n        <\/div>\n    <\/div>\n\n\n<\/div><\/div>\n\n<div class=\"fw-row\">\n\t\n\n<div id=\"column-69f8dda0ea58b\" class=\" fw-col-md-12       wow fadeIn\" data-wow-offset=\"100\" data-wow-duration=\"1.5s\" style=\"  \">\n        <div class=\"fw-main-row\">\n        <div class=\"fw-col-inner\" >\n            <div class=\"clearfix space-sm\" style=\"\" ><\/div>        <\/div>\n    <\/div>\n\n\n<\/div><\/div>\n\n<div class=\"fw-row\">\n\t\n\n<div id=\"column-69f8dda0ea79e\" class=\" fw-col-md-12       wow fadeIn\" data-wow-offset=\"100\" data-wow-duration=\"1.5s\" style=\"  \">\n        <div class=\"fw-main-row\">\n        <div class=\"fw-col-inner\" >\n            <div class=\"simple-title\">\n<h3 class=\"fw-title wow fadeInTop animated text-center\" data-wow-duration=\"1.5s\" style=\"\">Fish Eagle Lodge CC,   Welbedacht Lane, 6570 Knysna, S\u00fcd Afrika<\/h3>\n<span class=\"sub\">GPS: 34\u00b001&#039;54.3&quot;S 23\u00b000&#039;36.7&quot;E (-34.031750, 23.010183)<\/span>\n<\/div>        <\/div>\n    <\/div>\n\n\n<\/div><\/div>\n\n<div class=\"fw-row\">\n\t\n\n<div id=\"column-69f8dda0ea9b6\" class=\" fw-col-md-12       wow fadeIn\" data-wow-offset=\"100\" data-wow-duration=\"1.5s\" style=\"  \">\n        <div class=\"fw-main-row\">\n        <div class=\"fw-col-inner\" >\n            \n<p class=\"text-center\"><a href=\"javascript:void(0);\"  class=\"btn btn-primary btn-lg\" title=\"Wegbeschreibung\" id=\"show-text\">Wegbeschreibung<\/a><\/p>\n<div id=\"to-be-shown\" style=\"display:none;\">\n\t<ul><li>Auf der N2 von George kommend \u00fcberqueren Sie die Lagunen Br\u00fccke. An der n\u00e4chsten Ampel (die erste vor Knysna) biegen sie links in die Welbedacht Lane ab. Nach weiteren ca. 800m links abbiegen in den Weg zur Lodge.<\/li><li>Von Port Elizabeth kommend fahren Sie auf der N2 durch die Stadt bis an das Ende. Auf der rechten Seite sehen sie dann eine Tankstelle. Danach biegen Sie an der dritten Ampel rechts in die Welbedacht Lane. Nach ca. 800m links abbiegen zur Lodge.<\/li><\/ul><\/div>\n\n<script>\n\tjQuery('#show-text').click(function(){\n\t\tjQuery('#to-be-shown').toggle('slow');\n\t});\n<\/script>\n        <\/div>\n    <\/div>\n\n\n<\/div><\/div>\n\n    <\/div>\n    <\/div>\n\n\n\n<div id=\"div-69f8dda0eab11\" class=\"fw-main-row section-spacing   auto \"  style=\"  \"  >\n    <div class=\"fw-container\">\n        <div class=\"fw-row\">\n\t\n\n<div id=\"column-69f8dda0eac93\" class=\" fw-col-md-12       wow fadeIn\" data-wow-offset=\"100\" data-wow-duration=\"1.5s\" style=\"  \">\n        <div class=\"fw-main-row\">\n        <div class=\"fw-col-inner\" >\n            <div id=\"contactform\">\n<div class=\"fw-contact-form  contact\">\n\t<div class=\"contact-header\">\n\t\t<h2 class=\"text-center\">Haben Sie Fragen? Bitte kontaktieren Sie uns \ud83d\ude42<\/h2>\n\t\t\t\t<div class=\"row\">\n\t\t\t<div class=\"col-lg-offset-3 col-lg-6 col-md-offset-2 col-md-8\">\n\t\t\t\t<div class=\"contact-img\">\t\t\t\n\t\t\t\t\t\t\t\t\t\t<img decoding=\"async\" src=\"https:\/\/www.fisheaglelodge.com\/wp-content\/uploads\/2015\/12\/Jana-and-Steffen-150x150.jpg\" alt=\"\" class=\"img-responsive\" \/>\n\t\t\t\t<\/div>\n\t\t\t\t<div class=\"contact-person\"><\/div>\n\t\t\t\t<div class=\"contact-title\"><\/div>\n\t\t\t\t<div class=\"contact-phone\"><i class=\"fa fa-phone\"><\/i>+27 (0) 44 382 5431<\/div>\n\t\t\t\t<div class=\"contact-phone\"><i class=\"fa fa-mobile\"><\/i>+27 (0) 44 382 5431<\/div>\n\t\t\t\t<div class=\"contact-phone\"><i class=\"fa fa-envelope\"><\/i>fisheagle@lodge-knysna.com<\/div>\n\t\t\t<\/div>\n\t\t<\/div>\n\t<\/div>\n\n\t<div class=\"wrap-forms wrap-contact-forms wow rollIn animated contact-form\" data-wow-offset=\"10\" data-wow-duration=\"1.55s\">\n        <div class=\"caldera-grid\" id=\"caldera_form_1\">\r\n<div id=\"caldera_notices_1\" data-spinner=\"https:\/\/www.fisheaglelodge.com\/wp-admin\/images\/spinner.gif\"><\/div><form data-instance=\"1\" class=\"CF56b09168b8e24 caldera_forms_form cfajax-trigger\" method=\"POST\" enctype=\"multipart\/form-data\" role=\"form\" id=\"CF56b09168b8e24_1\" data-target=\"#caldera_notices_1\" data-template=\"#cfajax_CF56b09168b8e24-tmpl\" data-cfajax=\"CF56b09168b8e24\" data-load-element=\"_parent\" data-load-class=\"cf_processing\" data-post-disable=\"0\" data-action=\"cf_process_ajax_submit\" data-request=\"https:\/\/www.fisheaglelodge.com\/de\/\/cf-api\/CF56b09168b8e24\" data-hiderows=\"true\">\r\n<input type=\"hidden\" id=\"_cf_verify\" name=\"_cf_verify\" value=\"d8e7393ee8\" \/><input type=\"hidden\" name=\"_wp_http_referer\" value=\"\/de\/wp-json\/wp\/v2\/pages\/2008\" \/><input type=\"hidden\" name=\"_cf_frm_id\" value=\"CF56b09168b8e24\">\r\n<input type=\"hidden\" name=\"_cf_frm_ct\" value=\"1\">\r\n<input type=\"hidden\" name=\"cfajax\" value=\"CF56b09168b8e24\">\r\n<input type=\"hidden\" name=\"_cf_cr_pst\" value=\"2008\">\r\n<div class=\"hide\" style=\"display:none; overflow:hidden;height:0;width:0;\">\r\n<label>Name<\/label><input type=\"text\" name=\"name\" value=\"\" autocomplete=\"off\">\r\n<\/div><div  class=\"row  first_row\"><div  class=\"col-sm-6  first_col\"><div data-field-wrapper=\"fld_8768091\" class=\"form-group wrpr fa-user\">\r\n\t\r\n\t<div class=\"\">\r\n\t\t<input placeholder=\"Name\" type=\"text\"  data-field=\"fld_8768091\" class=\"form-control\" id=\"fld_8768091_1\" name=\"fld_8768091\" value=\"\" required=\"required\">\n\t\t\t<\/div>\r\n<\/div>\r\n<div data-field-wrapper=\"fld_6009157\" class=\"form-group wrpr fa-envelope\">\r\n\t\r\n\t<div class=\"\">\r\n\t\t<input placeholder=\"E-Mail Adresse\" type=\"email\" data-field=\"fld_6009157\" class=\"form-control\" id=\"fld_6009157_1\" name=\"fld_6009157\" value=\"\" required=\"required\">\n\t\t\t<\/div>\r\n<\/div>\r\n<div data-field-wrapper=\"fld_9970286\" class=\"form-group wrpr fa-phone\">\r\n\t\r\n\t<div class=\"\">\r\n\t\t<input placeholder=\"Telefon\" type=\"text\"  data-field=\"fld_9970286\" class=\"form-control\" id=\"fld_9970286_1\" name=\"fld_9970286\" value=\"\" required=\"required\">\n\t\t\t<\/div>\r\n<\/div>\r\n<\/div><div  class=\"col-sm-6  last_col\"><div data-field-wrapper=\"fld_6046223\" class=\"form-group wrpr fa-pencil\">\r\n\t\r\n\t<div class=\"\">\r\n\t\t<textarea  placeholder=\"Nachricht\" data-field=\"fld_6046223\" class=\"form-control\" rows=\"6\" id=\"fld_6046223_1\" name=\"fld_6046223\" ><\/textarea>\n\t\t\t<\/div>\r\n<\/div>\r\n<\/div><\/div><div  class=\"row  last_row\"><div  class=\"col-sm-6  first_col\"><\/div><div  class=\"col-sm-4 \"><\/div><div  class=\"col-sm-2  last_col\"><script>\t\n\tjQuery( function($){\n\n\t\t$(document).on('click dblclick', '#fld_7908577_1', function( e ){\n\t\t\t$('#fld_7908577_1_btn').val( e.type ).trigger('change');\n\t\t});\n\n\t});\n<\/script>\n<div data-field-wrapper=\"fld_7908577\" class=\"form-group\">\r\n<div class=\"\">\r\n<input data-field=\"fld_7908577\"  class=\"btn btn-primary btn-contact-form\" type=\"submit\" name=\"fld_7908577_btn\" value=\"Senden\" id=\"fld_7908577_1\">\n<\/div>\r\n<\/div>\r\n<input class=\"button_trigger_1\" type=\"hidden\" data-field=\"fld_7908577\" id=\"fld_7908577_1_btn\" name=\"fld_7908577\" value=\"\">\n<\/div><\/div><\/form>\r\n<\/div>\r\n    <\/div>\n<\/div>\n<\/div>\n        <\/div>\n    <\/div>\n\n\n<\/div><\/div>\n\n    <\/div>\n    <\/div>\n\n\n\n<div id=\"div-69f8dda0ebe47\" class=\"fw-main-row section-spacing   auto bg-highlight\"  style=\"  \"  >\n    <div class=\"fw-container\">\n        <div class=\"fw-row\">\n\t\n\n<div id=\"column-69f8dda0ec00f\" class=\" fw-col-md-12       wow fadeIn\" data-wow-offset=\"100\" data-wow-duration=\"1.5s\" style=\"  \">\n        <div class=\"fw-main-row\">\n        <div class=\"fw-col-inner\" >\n            <div class=\"address text-center\">\n\t<img decoding=\"async\" src=\"\/\/www.fisheaglelodge.com\/wp-content\/uploads\/2016\/10\/fish-eagle-lodge-logo-white-1.jpg\" alt=\"Fish Eagle Lodge Knysna\"\/>\n    \n    <div class=\"address-title\">Welbedacht Lane, 6570 Knysna, S\u00fcd Afrika<\/div>\n    <div class=\"address-info\"><p>fisheagle@lodge-knysna.com<\/p><\/div>\n    <ul class=\"phones\">\n        <li><i class=\"fa fa-phone\"><\/i> +27 (0) 44 382 5431<\/li>\n        <li><i class=\"fa fa-mobile\"><\/i> +27 (0) 44 382 5431<\/li>\n    <\/ul>\n<\/div>\n        <\/div>\n    <\/div>\n\n\n<\/div><\/div>\n\n    <\/div>\n    <\/div>\n\n\n\n<div id=\"div-69f8dda0ed121\" class=\"fw-main-row section-spacing   auto \"  style=\"  \"  >\n    <div class=\"fw-container\">\n        <div class=\"fw-row\">\n\t\n\n<div id=\"column-69f8dda0ed31c\" class=\" fw-col-md-12       wow fadeIn\" data-wow-offset=\"100\" data-wow-duration=\"1.5s\" style=\"  \">\n        <div class=\"fw-main-row\">\n        <div class=\"fw-col-inner\" >\n            <div class=\"simple-title\">\n<h4 class=\"fw-title wow fadeInTop animated text-center\" data-wow-duration=\"1.5s\" style=\"\">Buchen Sie Ihr Zimmer!<\/h4>\n<span class=\"sub\"><\/span>\n<\/div>        <\/div>\n    <\/div>\n\n\n<\/div><\/div>\n\n<div class=\"fw-row\">\n\t\n\n<div id=\"column-69f8dda0ed541\" class=\" fw-col-sm-12    text-center   wow fadeIn\" data-wow-offset=\"100\" data-wow-duration=\"1.5s\" style=\"  \">\n        <div class=\"fw-main-row\">\n        <div class=\"fw-col-inner\" >\n            \n\n\n\t<a href=\"\/de\/raume\" target=\"_self\"  class=\"btn btn-default btn-lg\" title=\"R\u00e4ume\">\n\t\t R\u00e4ume\t<\/a>\n\t\t<div class=\"text-center btn-inline\"><a href=\"\/de\/buchung\" target=\"_self\"  class=\"btn btn-primary btn-lg\" title=\"Buchen\">\n\t\t Buchen\t<\/a>\n\t<\/div>        <\/div>\n    <\/div>\n\n\n<\/div><\/div>\n\n    <\/div>\n    <\/div>\n\n<\/p>\n","protected":false},"excerpt":{"rendered":"<p>Fish Eagle Lodge CC, Welbedacht Lane, 6570 Knysna, S\u00fcd Afrika GPS: 34\u00b001&#039;54.3&quot;S 23\u00b000&#039;36.7&quot;E (-34.031750, 23.010183) Wegbeschreibung Auf der N2 von George kommend \u00fcberqueren Sie die Lagunen Br\u00fccke. An der n\u00e4chsten Ampel (die erste vor Knysna) biegen sie links in die Welbedacht Lane ab. Nach weiteren ca. 800m links abbiegen in<a class=\"more-link\" href=\"https:\/\/www.fisheaglelodge.com\/de\/kontakt\/\">Continue Reading&#8230;<\/a><\/p>\n","protected":false},"author":1,"featured_media":0,"parent":0,"menu_order":0,"comment_status":"closed","ping_status":"closed","template":"template-fullwidth.php","meta":{"footnotes":""},"_links":{"self":[{"href":"https:\/\/www.fisheaglelodge.com\/de\/wp-json\/wp\/v2\/pages\/2008"}],"collection":[{"href":"https:\/\/www.fisheaglelodge.com\/de\/wp-json\/wp\/v2\/pages"}],"about":[{"href":"https:\/\/www.fisheaglelodge.com\/de\/wp-json\/wp\/v2\/types\/page"}],"author":[{"embeddable":true,"href":"https:\/\/www.fisheaglelodge.com\/de\/wp-json\/wp\/v2\/users\/1"}],"replies":[{"embeddable":true,"href":"https:\/\/www.fisheaglelodge.com\/de\/wp-json\/wp\/v2\/comments?post=2008"}],"version-history":[{"count":13,"href":"https:\/\/www.fisheaglelodge.com\/de\/wp-json\/wp\/v2\/pages\/2008\/revisions"}],"predecessor-version":[{"id":3230,"href":"https:\/\/www.fisheaglelodge.com\/de\/wp-json\/wp\/v2\/pages\/2008\/revisions\/3230"}],"wp:attachment":[{"href":"https:\/\/www.fisheaglelodge.com\/de\/wp-json\/wp\/v2\/media?parent=2008"}],"curies":[{"name":"wp","href":"https:\/\/api.w.org\/{rel}","templated":true}]}}