{"id":2042,"date":"2016-05-09T19:53:37","date_gmt":"2016-05-09T18:53:37","guid":{"rendered":"https:\/\/www.fisheaglelodge.com\/de\/agb\/"},"modified":"2020-03-15T10:18:59","modified_gmt":"2020-03-15T08:18:59","slug":"agb","status":"publish","type":"page","link":"https:\/\/www.fisheaglelodge.com\/de\/agb\/","title":{"rendered":"Fish Eagle Lodge AGB&#8217;s"},"content":{"rendered":"<p>Fisheagle-Lodge AGB<\/p>\n<p>&nbsp;<\/p>\n<ol>\n<li>Vertrag<\/li>\n<\/ol>\n<p>Der Vertrag ist abgeschlossen, sobald das\/die Unterkunft bestellt und zugesagt, oder falls eine Zusage aus Zeitgr\u00fcnden nicht mehr m\u00f6glich ist, bereitgestellt wird\/werden. Mehrere Besteller haften als Auftraggeber f\u00fcr alle Verpflichtungen aus diesem Vertrag gesamtschuldnerisch.<\/p>\n<p>&nbsp;<\/p>\n<ol start=\"2\">\n<li>An- und Abreise<\/li>\n<\/ol>\n<p>Ohne anders lautende schriftliche Abmachung ist der Bezug der Unterkunft zwischen 14:00 und 18:00 Uhr des Anreisetages m\u00f6glich. Bei sp\u00e4terer Anreise bitten wir um telefonische Information bis 18:00. Die Abreise sollte bis 10:00 Uhr des Abreisetages zu erfolgen. Der Gast wird gebeten, bei einer vorgesehenen Abreise nach 10:00 Uhr die Leitung der Lodge zu informieren.<\/p>\n<p>Bei Abreise bis 18:00 Uhr ist der halbe Zimmerpreis, nach 18:00 Uhr der volle Zimmerpreis zu zahlen.<\/p>\n<p>&nbsp;<\/p>\n<ol start=\"3\">\n<li>Leistungen und Preise<\/li>\n<\/ol>\n<p>Die vertraglichen Leistungen ergeben sich aus den Angaben in der Reservierungsbest\u00e4tigung. Mit Zusendung der Buchungsbest\u00e4tigung gilt der Preis als vereinbart, er ist incl. Fr\u00fchst\u00fcck. Der Preis ist incl. Mwst , zzgl. 1% Satour National Tourism Levy aus \u00dcbernachtungskosten (lokaler Tourismuszuschlag der Gemeinde). Eine Erh\u00f6hung der MwSt. nach Vertragsschluss geht zu Lasten des Auftraggebers. F\u00fcr alle Preise gilt die jeweils angezeigte W\u00e4hrung.<\/p>\n<p>Die Leitung der Lodge kann dem Gast eine ad\u00e4quate Ersatzunterkunft zur Verf\u00fcgung stellen, wenn dies dem Gast zumutbar ist, besonders weil die Abweichung geringf\u00fcgig und sachlich gerechtfertigt ist. Eine sachliche Rechtfertigung ist beispielsweise dann gegeben, wenn die Unterkunft (die R\u00e4ume) unbenutzbar geworden sind oder sonstige wichtige betriebliche Ma\u00dfnahmen diesen Schritt bedingen.<\/p>\n<p>Wir weisen ausdr\u00fccklich darauf hin, dass all unsere R\u00e4ume Nichtraucher R\u00e4ume sind.<\/p>\n<ol start=\"4\">\n<li>Zahlung<\/li>\n<\/ol>\n<p>Bei Buchungen ohne Angabe der Kreditkartendaten, gilt Vorauszahlung als vereinbart. Geht diese Vorauszahlung nicht innerhalb von 7 Tagen, nach Zusendung der Aufforderung und der Bankdaten per Mail, auf dem Konto der Lodge ein, so ist diese zum Vertragsr\u00fccktritt berechtigt. Der R\u00fccktritt wird unverz\u00fcglich mitgeteilt. Bei Zahlungseingang innerhalb der Frist gilt die Vormerkung als fest gebucht. Eine Buchungsbest\u00e4tigung wird per Mail \u00fcbermittelt.<\/p>\n<p>Die Zahlung mittels Kreditkarte erfolgt 6 Tage vor Anreise durch den Einzug, von 100% des Rechnungsbetrages, von der angegebenen Kreditkarte.<\/p>\n<p>Barzahlungen bei Abreise sind im Ausnahmefall m\u00f6glich. Eine Zahlung gegen Rechnung ist nicht m\u00f6glich. Die Leitung der Lodge ist nicht verpflichtet, bargeldlose Zahlungsmittel wie Schecks\u00a0 oder Voucher anzunehmen.<\/p>\n<p><u>Alle Kreditkartendaten werden, von der Leitung der Lodge, ausschlie\u00dflich zur Begleichung der \u00dcbernachtungskosten genutzt und nach Abreise sofort gel\u00f6scht.<\/u><\/p>\n<p>&nbsp;<\/p>\n<ol start=\"5\">\n<li>R\u00fccktritt<\/li>\n<\/ol>\n<p>Die Erkl\u00e4rung des R\u00fccktritts bedarf der Schriftform.<\/p>\n<ol>\n<li>a) Bei einer Stornierung sp\u00e4testens 30 &#8211; 21 Tagen erheben wir 25%, bei 20 &#8211; 14 Tagen 50%, bei 13 &#8211; 7 Tagen vor Anreise 75 % der gebuchten Leistungen. Bei Absagen unter 7 Tagen vor Anreise erheben wir 100 % der gebuchten Leistungen.<\/li>\n<\/ol>\n<p>&nbsp;<\/p>\n<p>&nbsp;<\/p>\n<p>Unabh\u00e4ngig von den Stornierungskosten wird eine einmalige Verwaltungsgeb\u00fchr in H\u00f6he von 250 ZAR berechnet<\/p>\n<p>In allen F\u00e4llen bem\u00fcht sich die Lodge im Rahmen des Zumutbaren, die nicht in Anspruch genommenen Zimmer anderweitig zu verwerten. Ist eine Weitervermietung, f\u00fcr den vom Gast gebuchten Zeitraum, m\u00f6glich entfallen die Stornierungskosten f\u00fcr den Gast, ausgenommen die Verwaltungsgeb\u00fchr. Sollte ein Einzug von der Kreditkarte bereits erfolgt sein, wird der Betrag zur\u00fcck gebucht.<\/p>\n<p>&nbsp;<\/p>\n<ol start=\"6\">\n<li>Kinder<\/li>\n<\/ol>\n<p>Kinder, in Begleitung der Eltern bzw. verantwortlichen Erwachsenen ab 10 Jahren, ist der Aufenthalt auf der Lodge gestattet. Eltern oder verantwortliche Begleiter haften f\u00fcr die Kinder in vollem Umfang und sind f\u00fcr deren Beaufsichtigung auf dem gesamten Lodge Gel\u00e4nde verantwortlich.<\/p>\n<p>&nbsp;<\/p>\n<ol start=\"7\">\n<li>Haftung<\/li>\n<\/ol>\n<p>Der Vertragspartner der Lodge bzw. der Gast als solcher oder als Gastgeber haften dem Inhaber in vollem Umfang f\u00fcr durch sie selbst oder ihre G\u00e4ste (Kinder) verursachten Sch\u00e4den. Eine vom Vertrag abweichende Nutzung der \u00fcberlassenen R\u00e4ume berechtigt die Lodge zur fristlosen K\u00fcndigung des Vertrages. Hierdurch wird der Anspruch auf das vereinbarte Entgelt nicht gemindert.<\/p>\n<p>Die Lodge beh\u00e4lt sich vor, von dem Vertrag zur\u00fcckzutreten, wenn die Erbringung der Leistung durch h\u00f6here Gewalt\u00a0 unm\u00f6glich geworden ist, ohne dass hieraus Schadenersatzanspr\u00fcche hergeleitet werden k\u00f6nnen. F\u00fcr verloren gegangene eingebrachte Sachen haftet die Lodge nicht.<\/p>\n<p>F\u00fcr Wertgegenst\u00e4nde wird eine Haftung nur \u00fcbernommen, wenn diese gegen Quittung bei der Lodgeleitung hinterlegt werden.<\/p>\n<p>Die Lodge haftet f\u00fcr die Richtigkeit der Leistungsbeschreibung in Prospekten sowie f\u00fcr die ordnungsgem\u00e4\u00dfe Erbringung der vertraglich vereinbarten Leistungen. Die Lodge haftet nicht f\u00fcr die Leistungen der von ihr empfohlenen oder vermittelten\u00a0 Hotels \/ Unterk\u00fcnfte.<\/p>\n<p>&nbsp;<\/p>\n<ol start=\"8\">\n<li>Schlussbestimmungen<\/li>\n<\/ol>\n<p>Im kaufm\u00e4nnischen Verkehr sind Erf\u00fcllungsort und Gerichtsstand der Sitz der Lodge. M\u00fcndliche Abreden werden erst wirksam, wenn die Lodge diese schriftlich best\u00e4tigt hat. Sollten einzelne Bestimmungen dieser allgemeinen Gesch\u00e4ftsbedingungen unwirksam sein, so ber\u00fchrt dies die G\u00fcltigkeit der anderen Bestimmungen nicht.<\/p>\n<p>&nbsp;<\/p>\n<p>28.8.2016<\/p>\n<p>&nbsp;<\/p>\n<p><a href=\"https:\/\/www.fisheaglelodge.com\/wp-content\/uploads\/2020\/02\/Fish-Eagle-Lodge-Corona-cancelation-policy.pdf\">Fish Eagle Lodge Corona cancelation policy<\/a><\/p>\n","protected":false},"excerpt":{"rendered":"<p>Fisheagle-Lodge AGB &nbsp; Vertrag Der Vertrag ist abgeschlossen, sobald das\/die Unterkunft bestellt und zugesagt, oder falls eine Zusage aus Zeitgr\u00fcnden nicht mehr m\u00f6glich ist, bereitgestellt wird\/werden. Mehrere Besteller haften als Auftraggeber f\u00fcr alle Verpflichtungen aus diesem Vertrag gesamtschuldnerisch. &nbsp; An- und Abreise Ohne anders lautende schriftliche Abmachung ist der Bezug<a class=\"more-link\" href=\"https:\/\/www.fisheaglelodge.com\/de\/agb\/\">Continue Reading&#8230;<\/a><\/p>\n","protected":false},"author":2,"featured_media":0,"parent":0,"menu_order":0,"comment_status":"closed","ping_status":"closed","template":"template-fullwidth.php","meta":{"footnotes":""},"_links":{"self":[{"href":"https:\/\/www.fisheaglelodge.com\/de\/wp-json\/wp\/v2\/pages\/2042"}],"collection":[{"href":"https:\/\/www.fisheaglelodge.com\/de\/wp-json\/wp\/v2\/pages"}],"about":[{"href":"https:\/\/www.fisheaglelodge.com\/de\/wp-json\/wp\/v2\/types\/page"}],"author":[{"embeddable":true,"href":"https:\/\/www.fisheaglelodge.com\/de\/wp-json\/wp\/v2\/users\/2"}],"replies":[{"embeddable":true,"href":"https:\/\/www.fisheaglelodge.com\/de\/wp-json\/wp\/v2\/comments?post=2042"}],"version-history":[{"count":4,"href":"https:\/\/www.fisheaglelodge.com\/de\/wp-json\/wp\/v2\/pages\/2042\/revisions"}],"predecessor-version":[{"id":5560,"href":"https:\/\/www.fisheaglelodge.com\/de\/wp-json\/wp\/v2\/pages\/2042\/revisions\/5560"}],"wp:attachment":[{"href":"https:\/\/www.fisheaglelodge.com\/de\/wp-json\/wp\/v2\/media?parent=2042"}],"curies":[{"name":"wp","href":"https:\/\/api.w.org\/{rel}","templated":true}]}}