{"id":2045,"date":"2016-05-09T19:48:58","date_gmt":"2016-05-09T18:48:58","guid":{"rendered":"https:\/\/www.fisheaglelodge.com\/de\/impressum\/"},"modified":"2016-09-25T17:01:50","modified_gmt":"2016-09-25T15:01:50","slug":"impressum","status":"publish","type":"page","link":"https:\/\/www.fisheaglelodge.com\/de\/impressum\/","title":{"rendered":"Impressum"},"content":{"rendered":"<p><strong>Reservierungshotline: +27 44 382 5431<\/strong><br \/>\n<strong> Reservierungsfax: +27 44 382 7435<\/strong><br \/>\n<strong> Email: <a href=\"mailto:fisheagle@lodge-knysna.com\">fisheagle@lodge-knysna.com<\/a><\/strong><\/p>\n<p>Verantwortlich f\u00fcr den Internetauftritt www.fisheaglelodge.com:<\/p>\n<p><strong>Fish Eagle Lodge CC<\/strong><br \/>\nP.O. Box 2064<br \/>\nWelbedacht Lane<br \/>\n6570 Knysna<br \/>\nSouth Africa<\/p>\n<p>Telefon: +27 44 382 5431<br \/>\nTelefax: +27 44 382 7435<br \/>\nE-Mail: <a href=\"mailto:fisheagle@lodge-knysna.com\">fisheagle@lodge-knysna.com<\/a><br \/>\nWebsite:\u00a0<a href=\"https:\/\/www.fisheaglelodge.com\">www.fisheaglelodge.com<\/a><\/p>\n<p>CC No.: 1997\/062065\/23<\/p>\n<p>CEO: Jana Wagnerova , Hans J\u00f6rg &#8211; Steffen Sch\u00fctze<\/p>\n<h2>HAFTUNGSHINWEIS<\/h2>\n<p>Die Inhalte der Website www.fiheaglelodge.com wurden mit gro\u00dfer Sorgfalt zusammengestellt. F\u00fcr Vollst\u00e4ndigkeit, Aktualit\u00e4t und Richtigkeit \u00fcbernimmt die Feish Egle Lodge CC dennoch keine Haftung oder Garantie. Trotz sorgf\u00e4ltiger inhaltlicher Kontrolle \u00fcbernehmen wir keine Haftung f\u00fcr die Inhalte externer Links. F\u00fcr die Inhalte der verlinkten Seiten sind ausschlie\u00dflich deren Betreiber verantwortlich.<\/p>\n<h2>COPYRIGHTS<\/h2>\n<p>Alle Inhalte des Internetauftritts www.fisheaglelodge.com sind nach dem Urheberrecht gesch\u00fctzt. Alle Rechte sind vorbehalten. F\u00fcr alle genannten oder abgebildeten Marken, Handelsnamen und Logos gelten die entsprechenden gesetzlichen Bestimmungen.<\/p>\n<h2>LINKS<\/h2>\n<p>Nationale und internationale Rechtsprechung zwingt die Betreiber von Internetseiten, sich von den Inhalten der verlinkten Seiten zu distanzieren. Die Seiten, zu denen wir Links gesetzt haben, wurden mit Sorgfalt ausgew\u00e4hlt, aber ihre Inhalte k\u00f6nnen sich nat\u00fcrlich schnell \u00e4ndern, und damit wir sie nicht mit zu verantworten haben, distanzieren wir uns ausdr\u00fccklich von ihnen.<\/p>\n<h2>DESIGN &amp; PRODUKTION<\/h2>\n<p>Jakub Marecek<\/p>\n<p>kuba@delametodobre.cz<br \/>\n+420 739 648 919<br \/>\n<a href=\"http:\/\/www.delametodobre.cz\">http:\/\/www.delametodobre.cz<\/a><\/p>\n","protected":false},"excerpt":{"rendered":"<p>Reservierungshotline: +27 44 382 5431 Reservierungsfax: +27 44 382 7435 Email: fisheagle@lodge-knysna.com Verantwortlich f\u00fcr den Internetauftritt www.fisheaglelodge.com: Fish Eagle Lodge CC P.O. Box 2064 Welbedacht Lane 6570 Knysna South Africa Telefon: +27 44 382 5431 Telefax: +27 44 382 7435 E-Mail: fisheagle@lodge-knysna.com Website:\u00a0www.fisheaglelodge.com CC No.: 1997\/062065\/23 CEO: Jana Wagnerova ,<a class=\"more-link\" href=\"https:\/\/www.fisheaglelodge.com\/de\/impressum\/\">Continue Reading&#8230;<\/a><\/p>\n","protected":false},"author":2,"featured_media":0,"parent":0,"menu_order":0,"comment_status":"closed","ping_status":"closed","template":"template-fullwidth.php","meta":{"footnotes":""},"_links":{"self":[{"href":"https:\/\/www.fisheaglelodge.com\/de\/wp-json\/wp\/v2\/pages\/2045"}],"collection":[{"href":"https:\/\/www.fisheaglelodge.com\/de\/wp-json\/wp\/v2\/pages"}],"about":[{"href":"https:\/\/www.fisheaglelodge.com\/de\/wp-json\/wp\/v2\/types\/page"}],"author":[{"embeddable":true,"href":"https:\/\/www.fisheaglelodge.com\/de\/wp-json\/wp\/v2\/users\/2"}],"replies":[{"embeddable":true,"href":"https:\/\/www.fisheaglelodge.com\/de\/wp-json\/wp\/v2\/comments?post=2045"}],"version-history":[{"count":2,"href":"https:\/\/www.fisheaglelodge.com\/de\/wp-json\/wp\/v2\/pages\/2045\/revisions"}],"predecessor-version":[{"id":2048,"href":"https:\/\/www.fisheaglelodge.com\/de\/wp-json\/wp\/v2\/pages\/2045\/revisions\/2048"}],"wp:attachment":[{"href":"https:\/\/www.fisheaglelodge.com\/de\/wp-json\/wp\/v2\/media?parent=2045"}],"curies":[{"name":"wp","href":"https:\/\/api.w.org\/{rel}","templated":true}]}}