{"id":5541,"date":"2020-02-28T12:26:02","date_gmt":"2020-02-28T10:26:02","guid":{"rendered":"https:\/\/www.fisheaglelodge.com\/?page_id=5541"},"modified":"2025-09-27T09:21:19","modified_gmt":"2025-09-27T07:21:19","slug":"specials","status":"publish","type":"page","link":"https:\/\/www.fisheaglelodge.com\/de\/specials\/","title":{"rendered":"Specials"},"content":{"rendered":"<p>Geben Sie Ihre Reisedaten ein und finden Sie unsere Saison Spezials<\/p>\n<p><a class=\"btn btn-primary\" href=\"https:\/\/www.nightsbridge.co.za\/bridge\/book?bbid=28067\" target=\"_blank\" rel=\"noopener\"><i class=\"icon-calendar icons\"><\/i> Verf\u00fcgberkeit<\/a><\/p>\n<p><strong>UNSERE ANGEBOTE<\/strong><\/p>\n<ul>\n<li>Geben Sie Ihre Reisedaten ein und finden Sie unsere Last Minute Specials &amp; Deals<\/li>\n<\/ul>\n<p>&nbsp;<\/p>\n<p>Wir bieten auch &#8220;Room only&#8221; ohne Fr\u00fchst\u00fcck mit speziellen Preisen.<\/p>\n<p>&nbsp;<\/p>\n<p>&nbsp;<\/p>\n<p>Wir freuen uns auf Sie!<\/p>\n<p>Jana &amp; Steffen (Eigent\u00fcmer) and Siegfried &amp; Armand (Managers)<\/p>\n<p>&nbsp;<\/p>\n<p>&nbsp;<\/p>\n<ul>\n<li><strong>3 Sterne Selbstversorger Cottage f\u00fcr 2 Personen f\u00fcr kurz oder Langaufenthalt<\/strong><\/li>\n<\/ul>\n<div class=\"x11i5rnm xat24cr x1mh8g0r x1vvkbs xtlvy1s x126k92a\">\n<div dir=\"auto\">Wir haben ein voll eingerichtetes und ausgestattetes Cottage f\u00fcr 2 Personen &#8211; mindest Aufenthalt 3 N\u00e4chte.<\/div>\n<div dir=\"auto\">Das Cottage liegt etwas abseits im Wald \u00fcber der Lagune und somit bietet es genug Privatsph\u00e4re. Es ist 65qm gro\u00df und besteht aus Wohnk\u00fcche, Stube mit Kamin, Schlafzimmer, 2 B\u00e4dern und Terrasse. Schnelles Wifi und einen Smart TV ist vorhanden.<\/div>\n<\/div>\n<div class=\"x11i5rnm xat24cr x1mh8g0r x1vvkbs xtlvy1s x126k92a\">\n<div dir=\"auto\">F\u00fcr langfristige Buchungen gibt es bei uns individuelle Angebote &#8211; kontaktiert uns bitte an fisheagle@lodge-knysna.com<\/div>\n<\/div>\n<div dir=\"auto\"><\/div>\n<div dir=\"auto\"><\/div>\n<p>&nbsp;<\/p>\n","protected":false},"excerpt":{"rendered":"<p>Geben Sie Ihre Reisedaten ein und finden Sie unsere Saison Spezials Verf\u00fcgberkeit UNSERE ANGEBOTE Geben Sie Ihre Reisedaten ein und finden Sie unsere Last Minute Specials &amp; Deals &nbsp; Wir bieten auch &#8220;Room only&#8221; ohne Fr\u00fchst\u00fcck mit speziellen Preisen. &nbsp; &nbsp; Wir freuen uns auf Sie! Jana &amp; Steffen (Eigent\u00fcmer)<a class=\"more-link\" href=\"https:\/\/www.fisheaglelodge.com\/de\/specials\/\">Continue Reading&#8230;<\/a><\/p>\n","protected":false},"author":6,"featured_media":0,"parent":0,"menu_order":0,"comment_status":"closed","ping_status":"closed","template":"template-fullwidth.php","meta":{"footnotes":""},"_links":{"self":[{"href":"https:\/\/www.fisheaglelodge.com\/de\/wp-json\/wp\/v2\/pages\/5541"}],"collection":[{"href":"https:\/\/www.fisheaglelodge.com\/de\/wp-json\/wp\/v2\/pages"}],"about":[{"href":"https:\/\/www.fisheaglelodge.com\/de\/wp-json\/wp\/v2\/types\/page"}],"author":[{"embeddable":true,"href":"https:\/\/www.fisheaglelodge.com\/de\/wp-json\/wp\/v2\/users\/6"}],"replies":[{"embeddable":true,"href":"https:\/\/www.fisheaglelodge.com\/de\/wp-json\/wp\/v2\/comments?post=5541"}],"version-history":[{"count":24,"href":"https:\/\/www.fisheaglelodge.com\/de\/wp-json\/wp\/v2\/pages\/5541\/revisions"}],"predecessor-version":[{"id":5676,"href":"https:\/\/www.fisheaglelodge.com\/de\/wp-json\/wp\/v2\/pages\/5541\/revisions\/5676"}],"wp:attachment":[{"href":"https:\/\/www.fisheaglelodge.com\/de\/wp-json\/wp\/v2\/media?parent=5541"}],"curies":[{"name":"wp","href":"https:\/\/api.w.org\/{rel}","templated":true}]}}